{"id":28,"date":"2025-01-28T21:36:42","date_gmt":"2025-01-28T21:36:42","guid":{"rendered":"https:\/\/boefa.at\/?page_id=28"},"modified":"2025-01-31T23:47:31","modified_gmt":"2025-01-31T22:47:31","slug":"a-homepage-section","status":"publish","type":"page","link":"https:\/\/lawandtree.com\/?page_id=28","title":{"rendered":"Mission"},"content":{"rendered":"\n<p><\/p>\n\n\n\n<p>Die Idee von &#8222;Law and Tree&#8220; gr\u00fcndete sich im Jahr 2024. Der Borkenk\u00e4fer zog in Osttirol ein. Hunderttausende B\u00e4ume wurden befallen. Sie mussten gef\u00e4llt werden. Die H\u00e4nge an Osttirols Bergen glichen teilweise kahlen Wiesen.<\/p>\n\n\n\n<p>Nicht nur das Erscheinungsbild hat sich ver\u00e4ndert, auch die Sicherheit ganzer Wohnsiedlungen scheint durch den Befall des Borkenk\u00e4fers gef\u00e4hrdet, weil notwendiger Lawinenschutzwald verloren geht.<\/p>\n\n\n\n<p>Im Zeitalter des Kapitalismus, vieler &#8222;Save the Future&#8220;-Bewegungen und im Zeitalter des Klimawandels kam mir, Dr. Benjamin Dellacher, der Gedanke, dass auch ich meinen Teil zur Sicherung der Zukunft unseres Planeten und unserer Nachkommen beitragen m\u00f6chte. Dazu habe ich ein Team ben\u00f6tigt, welches ich zusammengestellt habe. Wir bewalden die H\u00e4nge wieder. Ich will meinen Teil dazu Beitragen, dass unsere Regionen in Europa, insbesondere meine Heimat Osttirol, weiterhin so wundersch\u00f6n bleiben, wie sie sind.<\/p>\n\n\n\n<p>Komm mit in unser Team. Sei auch du dabei! Pflanze einen Baum! Werde Pate! Wir pflanzen dir DEINEN Baum!<\/p>\n","protected":false},"excerpt":{"rendered":"<p>Die Idee von &#8222;Law and Tree&#8220; gr\u00fcndete sich im Jahr 2024. Der Borkenk\u00e4fer zog in Osttirol ein. Hunderttausende B\u00e4ume wurden befallen. Sie mussten gef\u00e4llt werden. Die H\u00e4nge an Osttirols Bergen glichen teilweise kahlen Wiesen. Nicht nur das Erscheinungsbild hat sich ver\u00e4ndert, auch die Sicherheit ganzer Wohnsiedlungen scheint durch den Befall des Borkenk\u00e4fers gef\u00e4hrdet, weil notwendiger &hellip; <\/p>\n<p class=\"link-more\"><a href=\"https:\/\/lawandtree.com\/?page_id=28\" class=\"more-link\"><span class=\"screen-reader-text\">\u201eMission\u201c<\/span> weiterlesen<\/a><\/p>\n","protected":false},"author":1,"featured_media":188,"parent":0,"menu_order":0,"comment_status":"closed","ping_status":"closed","template":"","meta":{"footnotes":""},"class_list":["post-28","page","type-page","status-publish","has-post-thumbnail","hentry"],"_links":{"self":[{"href":"https:\/\/lawandtree.com\/index.php?rest_route=\/wp\/v2\/pages\/28","targetHints":{"allow":["GET"]}}],"collection":[{"href":"https:\/\/lawandtree.com\/index.php?rest_route=\/wp\/v2\/pages"}],"about":[{"href":"https:\/\/lawandtree.com\/index.php?rest_route=\/wp\/v2\/types\/page"}],"author":[{"embeddable":true,"href":"https:\/\/lawandtree.com\/index.php?rest_route=\/wp\/v2\/users\/1"}],"replies":[{"embeddable":true,"href":"https:\/\/lawandtree.com\/index.php?rest_route=%2Fwp%2Fv2%2Fcomments&post=28"}],"version-history":[{"count":14,"href":"https:\/\/lawandtree.com\/index.php?rest_route=\/wp\/v2\/pages\/28\/revisions"}],"predecessor-version":[{"id":285,"href":"https:\/\/lawandtree.com\/index.php?rest_route=\/wp\/v2\/pages\/28\/revisions\/285"}],"wp:featuredmedia":[{"embeddable":true,"href":"https:\/\/lawandtree.com\/index.php?rest_route=\/wp\/v2\/media\/188"}],"wp:attachment":[{"href":"https:\/\/lawandtree.com\/index.php?rest_route=%2Fwp%2Fv2%2Fmedia&parent=28"}],"curies":[{"name":"wp","href":"https:\/\/api.w.org\/{rel}","templated":true}]}}