{"id":26,"date":"2025-01-28T21:36:42","date_gmt":"2025-01-28T21:36:42","guid":{"rendered":"https:\/\/boefa.at\/?page_id=26"},"modified":"2025-01-31T21:40:51","modified_gmt":"2025-01-31T20:40:51","slug":"kontakt","status":"publish","type":"page","link":"https:\/\/lawandtree.com\/?page_id=26","title":{"rendered":"Werde unser Partner"},"content":{"rendered":"\n<p><\/p>\n\n\n\n<p>Wir sch\u00fcren individuelle Pakete f\u00fcr unsere Businesspartner. Z\u00f6gere nicht mit deiner Anfrage. Verpasse deinem Unternehmen einen positiven Touch und trage einen Teil zur Gestaltung unseres Planeten bei.<\/p>\n\n\n\n<p><strong>&#8222;Im Wald der Paragraphen wachsen die B\u00e4ume der Gerechtigkeit &#8211; manchmal gerade, oft krumm, aber immer mit tiefen Wurzeln.&#8220;<\/strong><\/p>\n\n\n\n<p>Hinterlasse auch <strong>DU <\/strong>deine Wurzeln! Werde unser Partner!<\/p>\n","protected":false},"excerpt":{"rendered":"<p>Wir sch\u00fcren individuelle Pakete f\u00fcr unsere Businesspartner. Z\u00f6gere nicht mit deiner Anfrage. Verpasse deinem Unternehmen einen positiven Touch und trage einen Teil zur Gestaltung unseres Planeten bei. &#8222;Im Wald der Paragraphen wachsen die B\u00e4ume der Gerechtigkeit &#8211; manchmal gerade, oft krumm, aber immer mit tiefen Wurzeln.&#8220; Hinterlasse auch DU deine Wurzeln! Werde unser Partner!<\/p>\n","protected":false},"author":1,"featured_media":193,"parent":0,"menu_order":0,"comment_status":"closed","ping_status":"closed","template":"","meta":{"footnotes":""},"class_list":["post-26","page","type-page","status-publish","has-post-thumbnail","hentry"],"_links":{"self":[{"href":"https:\/\/lawandtree.com\/index.php?rest_route=\/wp\/v2\/pages\/26","targetHints":{"allow":["GET"]}}],"collection":[{"href":"https:\/\/lawandtree.com\/index.php?rest_route=\/wp\/v2\/pages"}],"about":[{"href":"https:\/\/lawandtree.com\/index.php?rest_route=\/wp\/v2\/types\/page"}],"author":[{"embeddable":true,"href":"https:\/\/lawandtree.com\/index.php?rest_route=\/wp\/v2\/users\/1"}],"replies":[{"embeddable":true,"href":"https:\/\/lawandtree.com\/index.php?rest_route=%2Fwp%2Fv2%2Fcomments&post=26"}],"version-history":[{"count":11,"href":"https:\/\/lawandtree.com\/index.php?rest_route=\/wp\/v2\/pages\/26\/revisions"}],"predecessor-version":[{"id":259,"href":"https:\/\/lawandtree.com\/index.php?rest_route=\/wp\/v2\/pages\/26\/revisions\/259"}],"wp:featuredmedia":[{"embeddable":true,"href":"https:\/\/lawandtree.com\/index.php?rest_route=\/wp\/v2\/media\/193"}],"wp:attachment":[{"href":"https:\/\/lawandtree.com\/index.php?rest_route=%2Fwp%2Fv2%2Fmedia&parent=26"}],"curies":[{"name":"wp","href":"https:\/\/api.w.org\/{rel}","templated":true}]}}