{"id":25,"date":"2025-01-28T21:36:42","date_gmt":"2025-01-28T21:36:42","guid":{"rendered":"https:\/\/boefa.at\/?page_id=25"},"modified":"2025-01-31T23:52:18","modified_gmt":"2025-01-31T22:52:18","slug":"uber-uns","status":"publish","type":"page","link":"https:\/\/lawandtree.com\/?page_id=25","title":{"rendered":"\u00dcber uns"},"content":{"rendered":"\n<p><\/p>\n\n\n\n<p>Wir sind ein Team aus einem <strong>G\u00e4rtner, einem Forstarbeiter, Studenten, Pensionisten<\/strong>, einer <strong>Allesk\u00f6nnerin <\/strong>und einem <strong>Rechtsanwalt<\/strong>.<\/p>\n\n\n\n<p>Wir setzen uns daf\u00fcr ein, dass die Bewaldung in Osttirol erhalten bleibt. Unsere Partner sch\u00e4tzen unsere Zuverl\u00e4ssigkeit, unseren Einsatz und unsere Transparenz. Werde auch du unser Partner und \u00fcbernimm zumindest 1 Patenschaft f\u00fcr einen Baum.<\/p>\n","protected":false},"excerpt":{"rendered":"<p>Wir sind ein Team aus einem G\u00e4rtner, einem Forstarbeiter, Studenten, Pensionisten, einer Allesk\u00f6nnerin und einem Rechtsanwalt. Wir setzen uns daf\u00fcr ein, dass die Bewaldung in Osttirol erhalten bleibt. Unsere Partner sch\u00e4tzen unsere Zuverl\u00e4ssigkeit, unseren Einsatz und unsere Transparenz. Werde auch du unser Partner und \u00fcbernimm zumindest 1 Patenschaft f\u00fcr einen Baum.<\/p>\n","protected":false},"author":1,"featured_media":212,"parent":0,"menu_order":0,"comment_status":"closed","ping_status":"closed","template":"","meta":{"footnotes":""},"class_list":["post-25","page","type-page","status-publish","has-post-thumbnail","hentry"],"_links":{"self":[{"href":"https:\/\/lawandtree.com\/index.php?rest_route=\/wp\/v2\/pages\/25","targetHints":{"allow":["GET"]}}],"collection":[{"href":"https:\/\/lawandtree.com\/index.php?rest_route=\/wp\/v2\/pages"}],"about":[{"href":"https:\/\/lawandtree.com\/index.php?rest_route=\/wp\/v2\/types\/page"}],"author":[{"embeddable":true,"href":"https:\/\/lawandtree.com\/index.php?rest_route=\/wp\/v2\/users\/1"}],"replies":[{"embeddable":true,"href":"https:\/\/lawandtree.com\/index.php?rest_route=%2Fwp%2Fv2%2Fcomments&post=25"}],"version-history":[{"count":18,"href":"https:\/\/lawandtree.com\/index.php?rest_route=\/wp\/v2\/pages\/25\/revisions"}],"predecessor-version":[{"id":287,"href":"https:\/\/lawandtree.com\/index.php?rest_route=\/wp\/v2\/pages\/25\/revisions\/287"}],"wp:featuredmedia":[{"embeddable":true,"href":"https:\/\/lawandtree.com\/index.php?rest_route=\/wp\/v2\/media\/212"}],"wp:attachment":[{"href":"https:\/\/lawandtree.com\/index.php?rest_route=%2Fwp%2Fv2%2Fmedia&parent=25"}],"curies":[{"name":"wp","href":"https:\/\/api.w.org\/{rel}","templated":true}]}}