{"id":24,"date":"2025-01-28T21:36:42","date_gmt":"2025-01-28T21:36:42","guid":{"rendered":"https:\/\/boefa.at\/?page_id=24"},"modified":"2025-02-01T15:05:23","modified_gmt":"2025-02-01T14:05:23","slug":"home","status":"publish","type":"page","link":"https:\/\/lawandtree.com\/","title":{"rendered":"Werde PATE!"},"content":{"rendered":"\n<p><\/p>\n\n\n\n<p>Trage um nur <strong>EUR 150,&#8211;<\/strong> (inkl 20&nbsp;%&nbsp;USt) deinen Teil zur Erhaltung des magischen Osttirols bei und werde <strong>Pate <\/strong>eines explizit dir gewidmeten und personalisierten Baumes.<\/p>\n\n\n\n<p>Als Rechtsanwalt verb\u00fcrge ich mich daf\u00fcr, dass der <strong>Baum <\/strong>an einem &#8211; f\u00fcr dich im Wald jederzeit zug\u00e4nglichen &#8211; Platz in <strong>Osttirol <\/strong>gepflanzt wird.<\/p>\n\n\n\n<p>Er wird mit deinem Namen und dem Tag der Verpflanzung auf einer Plakette versehen. Du erh\u00e4ltst die GPS-Daten vom Ort, an welchem sich dein Baum befindet, sodass du dich jederzeit von der Entwicklung deines Baumes \u00fcberzeugen kannst.<\/p>\n\n\n\n<p>&#8222;Gro\u00dfelterns Rat: Wurzeln schlagen! Deine Chance: Baum pflanzen in Osttirol!&#8220; Pflanze deinen  Baum in Osttirol.<\/p>\n\n\n\n<p>Von jeder Patenschaft eines Baumes gehen dar\u00fcber hinaus EUR 10,00 direkt an die Kinderkrebshilfe \u00d6sterreich.<\/p>\n\n\n\n<p><em><div class='wpecpp-container wpecpp-align-left'><form class='wpecpp-form wpecpp-form-disabled' id='r144ed11a85e2a6f4dca097119eea753e' action='#' method='post'>    \r\n    <!-- PayPal SDK Loader with DOM check -->\r\n    <script>\r\n    (function() {\r\n        var sdkId = 'wpecpp-paypal-sdk-b9b2fc9eff12a833ae12f7b5efd11cfb';\r\n        var sdkUrl = 'https:\/\/www.paypal.com\/sdk\/js?client-id=Advx1wc_4Se6ICsYnMXTqWntyS0F1VdRHIeWnT2Qgv0nFi6sD86KEM9DSxcG79rq_weHqfs1uClL1xDy&merchant-id=PFMC6F675QGLN&currency=EUR&intent=capture&components=buttons,funding-eligibility&locale=de_DE&enable-funding=card';\r\n        \r\n        \/\/ Check if SDK script already exists in DOM or is being loaded\r\n        if (!document.getElementById(sdkId)) {\r\n            var script = document.createElement('script');\r\n            script.id = sdkId;\r\n            script.src = sdkUrl;\r\n            script.setAttribute('data-partner-attribution-id', 'WPPlugin_STP_CP');\r\n                        document.head.appendChild(script);\r\n        }\r\n    })();\r\n    <\/script>\r\n    \r\n    <style>\r\n        .wpecpp-paypal-button-container > *,\r\n        .wpecpp-paypal-hosted-fields-container .wpecpp-paypal-btn {\r\n            max-width: 300px;\r\n        }\r\n        .wpecpp-paypal-hosted-fields-container .wpecpp-paypal-btn {\r\n            height: 40px;\r\n        }\r\n    <\/style>\r\n    \r\n    <script>\r\n        const wpecppPaypalFunding_r144ed11a85e2a6f4dca097119eea753e = [\"paypal\",\"card\"];\r\n    <\/script>\r\n\r\n    <!-- Buttons container -->\r\n    <div id='wpecpp-paypal-button-container-r144ed11a85e2a6f4dca097119eea753e' class='wpecpp-paypal-button-container wpecpp-vertical'><\/div>\r\n\r\n\t\r\n    <div id='wpecpp-paypal-message-r144ed11a85e2a6f4dca097119eea753e' class='wpecpp-payment-message'><\/div>\r\n\r\n    <script>\r\n        (function() {\r\n            const message_r144ed11a85e2a6f4dca097119eea753e = document.getElementById('wpecpp-paypal-message-r144ed11a85e2a6f4dca097119eea753e');\r\n            \r\n            \/\/ Wait for SDK to be fully loaded with polling\r\n            function initPayPalButton_r144ed11a85e2a6f4dca097119eea753e() {\r\n                \/\/ Check if PayPal SDK is fully loaded with all required methods\r\n                if ( typeof paypal === 'undefined' || \r\n                     typeof paypal.getFundingSources !== 'function' ||\r\n                     typeof paypal.Buttons !== 'function' ) {\r\n                    \/\/ SDK not loaded yet, wait and try again\r\n                    setTimeout(initPayPalButton_r144ed11a85e2a6f4dca097119eea753e, 100);\r\n                    return;\r\n                }\r\n\r\n        paypal.getFundingSources().forEach(function (fundingSource) {\r\n            if ( wpecppPaypalFunding_r144ed11a85e2a6f4dca097119eea753e.indexOf(fundingSource) > -1 ) {\r\n                const style = {\r\n                    shape: 'rect',\r\n                    label: 'buynow',\r\n                    height: 40                };\r\n\r\n                if ( fundingSource !== 'card' ) {\r\n                    let color = 'gold';\r\n                    if (fundingSource === 'venmo' && color === 'gold') {\r\n                        color = 'blue';\r\n                    } else if (['ideal', 'bancontact', 'giropay', 'eps', 'sofort', 'mybank', 'p24'].indexOf(fundingSource) > -1 && ['gold', 'blue'].indexOf(color) > -1) {\r\n                        color = 'default';\r\n                    }\r\n                    style.color = color;\r\n                }\r\n\r\n                const button = paypal.Buttons({\r\n                    fundingSource: fundingSource,\r\n                    style: style,\r\n                    createOrder: function() {\r\n                        message_r144ed11a85e2a6f4dca097119eea753e.innerHTML = '';\r\n\r\n                        const form = document.getElementById('r144ed11a85e2a6f4dca097119eea753e'),\r\n                            formData = new FormData(),\r\n                            nameInput = form.querySelector('[name=\"item_name\"]'),\r\n                            priceInput = form.querySelector('[name=\"amount\"]'),\r\n                            quantityInput = form.querySelector('[name=\"quantity\"]');\r\n\r\n                        formData.append('action', 'wpecpp-ppcp-order-create');\r\n                        formData.append('nonce', wpecpp.nonce);\r\n                        formData.append('name', nameInput ? nameInput.value : '');\r\n                        formData.append('price', priceInput ? priceInput.value : 0);\r\n                        if (quantityInput) {\r\n                            formData.append('quantity', quantityInput.value);\r\n                        }\r\n\r\n                        return fetch(wpecpp.ajaxUrl, {\r\n                            method: 'post',\r\n                            body: formData\r\n                        }).then(function(response) {\r\n                            return response.json();\r\n                        }).then(function(data) {\r\n                            let orderID = false;\r\n                            if (data.success && data.data.order_id) {\r\n                                orderID = data.data.order_id;\r\n                            } else {\r\n                                throw data.data && data.data.message ? data.data.message : 'An unknown error occurred while creating the order. Please reload the page and try again.';\r\n                            }\r\n                            return orderID;\r\n                        });\r\n                    },\r\n                    onApprove: function(data) {\r\n                        const formData = new FormData();\r\n\r\n                        formData.append('action', 'wpecpp-ppcp-order-finalize');\r\n                        formData.append('nonce', wpecpp.nonce);\r\n                        formData.append('order_id', data.orderID);\r\n\r\n                        return fetch(wpecpp.ajaxUrl, {\r\n                            method: 'post',\r\n                            body: formData\r\n                        }).then(function(response) {\r\n                            return response.json();\r\n                        }).then(function(data) {\r\n                            if (data.success) {\r\n                                if (wpecpp.return.length) {\r\n                                    window.location.href = wpecpp.return;\r\n                                } else {\r\n                                    message_r144ed11a85e2a6f4dca097119eea753e.innerHTML = '<span class=\"payment-success\">' + data.data.message + '<\/span>';\r\n                                }\r\n                            } else {\r\n                                throw data.data.message;\r\n                            }\r\n                        });\r\n                    },\r\n                    onCancel: function() {\r\n                        if (wpecpp.cancel.length) {\r\n                            window.location.href = wpecpp.cancel;\r\n                        } else {\r\n                            message_r144ed11a85e2a6f4dca097119eea753e.innerHTML = '<span class=\"payment-error\">The payment was cancelled.<\/span>';\r\n                        }\r\n                    },\r\n                    onError: function (error) {\r\n                        message_r144ed11a85e2a6f4dca097119eea753e.innerHTML = '<span class=\"payment-error\">' + (error ? error : '<strong>Site admin<\/strong>, an error was detected in the plugin settings.<\/br>Please check the PayPal connection and product settings (price, name, etc.)') + '<\/span>';\r\n                    }\r\n                });\r\n\r\n                if (button.isEligible()) {\r\n                    button.render('#wpecpp-paypal-button-container-r144ed11a85e2a6f4dca097119eea753e');\r\n                }\r\n            }\r\n        });\r\n\r\n                    } \/\/ End initPayPalButton function\r\n            \r\n            \/\/ Start initialization (will poll until SDK is ready)\r\n            initPayPalButton_r144ed11a85e2a6f4dca097119eea753e();\r\n        })(); \/\/ End IIFE\r\n    <\/script>\r\n    <input type='hidden' name='item_name' value='1 Baum' \/><input type='hidden' name='amount' value='EUR 150' \/><\/form><\/div><\/em><\/p>\n","protected":false},"excerpt":{"rendered":"<p>Trage um nur EUR 150,&#8211; (inkl 20&nbsp;%&nbsp;USt) deinen Teil zur Erhaltung des magischen Osttirols bei und werde Pate eines explizit dir gewidmeten und personalisierten Baumes. Als Rechtsanwalt verb\u00fcrge ich mich daf\u00fcr, dass der Baum an einem &#8211; f\u00fcr dich im Wald jederzeit zug\u00e4nglichen &#8211; Platz in Osttirol gepflanzt wird. Er wird mit deinem Namen und &hellip; <\/p>\n<p class=\"link-more\"><a href=\"https:\/\/lawandtree.com\/\" class=\"more-link\"><span class=\"screen-reader-text\">\u201eWerde PATE!\u201c<\/span> weiterlesen<\/a><\/p>\n","protected":false},"author":1,"featured_media":193,"parent":0,"menu_order":0,"comment_status":"closed","ping_status":"closed","template":"","meta":{"footnotes":""},"class_list":["post-24","page","type-page","status-publish","has-post-thumbnail","hentry"],"_links":{"self":[{"href":"https:\/\/lawandtree.com\/index.php?rest_route=\/wp\/v2\/pages\/24","targetHints":{"allow":["GET"]}}],"collection":[{"href":"https:\/\/lawandtree.com\/index.php?rest_route=\/wp\/v2\/pages"}],"about":[{"href":"https:\/\/lawandtree.com\/index.php?rest_route=\/wp\/v2\/types\/page"}],"author":[{"embeddable":true,"href":"https:\/\/lawandtree.com\/index.php?rest_route=\/wp\/v2\/users\/1"}],"replies":[{"embeddable":true,"href":"https:\/\/lawandtree.com\/index.php?rest_route=%2Fwp%2Fv2%2Fcomments&post=24"}],"version-history":[{"count":27,"href":"https:\/\/lawandtree.com\/index.php?rest_route=\/wp\/v2\/pages\/24\/revisions"}],"predecessor-version":[{"id":289,"href":"https:\/\/lawandtree.com\/index.php?rest_route=\/wp\/v2\/pages\/24\/revisions\/289"}],"wp:featuredmedia":[{"embeddable":true,"href":"https:\/\/lawandtree.com\/index.php?rest_route=\/wp\/v2\/media\/193"}],"wp:attachment":[{"href":"https:\/\/lawandtree.com\/index.php?rest_route=%2Fwp%2Fv2%2Fmedia&parent=24"}],"curies":[{"name":"wp","href":"https:\/\/api.w.org\/{rel}","templated":true}]}}